{"id":584,"date":"2020-04-02T17:23:03","date_gmt":"2020-04-02T17:23:03","guid":{"rendered":"https:\/\/e-tic.ro\/?page_id=584"},"modified":"2022-07-28T11:06:08","modified_gmt":"2022-07-28T11:06:08","slug":"amr","status":"publish","type":"page","link":"https:\/\/e-tic.ro\/en\/inscrie-te-la-curs\/amr\/","title":{"rendered":"AMR"},"content":{"rendered":"<section class=\"wpb-content-wrapper\"><h2>\u00censcrie-te la sesiunile de formare la nivel regional organizate de AMR.<\/h2>\n<h4>Cursurile au ca tematic\u0103 cele 4 domenii vizate de proiect (transparen\u021b\u0103 decizional\u0103, etic\u0103 organiza\u021bional\u0103, incompatibilit\u0103\u021bi \u0219i conflict de interese) \u0219i se desf\u0103\u0219oar\u0103 \u00een perioada martie 2021 \u2013 septembrie 2022.<\/h4>\n<p>&nbsp;<\/p>\n<p><img decoding=\"async\" src=\"https:\/\/e-tic.ro\/wp-content\/uploads\/2020\/03\/19974-Converted.png\" \/><\/p>\n<p>&nbsp;<\/p>\n<p>Pentru participarea la sesiunile de formare organizate de AMR \u00een cadrul proiectului v\u0103 rug\u0103m s\u0103 desc\u0103rca\u021bi formularul de \u00eenscriere ata\u0219at \u0219i s\u0103-l completa\u021bi cu datele dvs \u0219i s\u0103-l trimite\u021bi la adresa de email: <a href=\"mailto:amr@amr.ro\" target=\"_blank\" rel=\"noopener noreferrer\">amr@amr.ro<\/a> \u0219i\u00a0 <a href=\"mailto:steluta.bogatu@amr.ro\" target=\"_blank\" rel=\"noopener noreferrer\">steluta.bogatu@amr.ro<\/a>.<\/p>\n<p>Men\u021bion\u0103m c\u0103 locurile sunt limitate \u0219i selec\u021bia se face \u00een baza principiului primul venit primul servit. Dup\u0103 procesarea \u00eenscrierilor persoanele selectate vor fi contactate telefonic pentru detaliile privind participarea la evenimente.<\/p>\n<div class=\"vc_row wpb_row vc_row-fluid\"><div class=\"wpb_column vc_column_container vc_col-sm-12\"><div class=\"vc_column-inner\"><div class=\"wpb_wrapper\">\n\t<div class=\"wpb_text_column wpb_content_element\" >\n\t\t<div class=\"wpb_wrapper\">\n\t\t\t<h2>PLANIFICARE SESIUNI DE FORMARE JUDE\u021aENE<\/h2>\n<table style=\"font-weight: 400;\" width=\"720\">\n<tbody>\n<tr>\n<td colspan=\"5\" width=\"720\"><strong>\u00a0\u00a0<\/strong><\/p>\n<p><strong>PLANIFICARE SESIUNI DE FORMARE JUDE\u021aENE, AMR<\/strong><\/p>\n<p><strong>SERIA A DOUA \u2013 Contract subsecvent nr. 4, CS4<\/strong><\/p>\n<p>Perioada de desf\u0103\u0219urare urmare prelungire proiect: <strong>ianuarie 2022 \u2013 noiembrie 2022<\/strong><\/p>\n<p>Proiect PNP002: \u201c\u00cembun\u0103t\u0103\u021birea accesului \u0219i a calit\u0103\u021bii serviciilor pentru cet\u0103\u021beni \u2013 o administra\u021bie public\u0103 transparent\u0103 \u0219i responsabil\u0103\u201d<\/td>\n<\/tr>\n<tr>\n<td width=\"42\"><strong>Nr crt<\/strong><\/p>\n<p><strong>Sesiune<\/strong><\/td>\n<td width=\"144\"><strong>Perioada <\/strong><\/td>\n<td width=\"114\"><strong>Judet<\/strong><\/td>\n<td width=\"156\"><strong>Loc de desf\u0103\u0219urare<\/strong><\/td>\n<td width=\"264\"><strong>Perioada de formare\/formatorul sesiunii\/nr de sesiuni<\/strong><\/td>\n<\/tr>\n<tr>\n<td width=\"42\">&nbsp;<\/td>\n<td width=\"144\">&nbsp;<\/td>\n<td width=\"114\">&nbsp;<\/td>\n<td width=\"156\">&nbsp;<\/td>\n<td width=\"264\">&nbsp;<\/td>\n<\/tr>\n<tr>\n<td width=\"42\">21<\/td>\n<td width=\"144\">19 &#8211; 22.01.2022<\/td>\n<td width=\"114\">Gorj<\/td>\n<td width=\"156\">T\u00c2RGU JIU, hotel Story<\/td>\n<td width=\"264\">19.01.2022 &#8211; 11.02.2022 \/MIRELA BUZ\u0102RIN &#8211; 3 sesiuni<\/td>\n<\/tr>\n<tr>\n<td width=\"42\">22<\/td>\n<td width=\"144\">02 &#8211; 05.02.2022<\/td>\n<td width=\"114\">Arad<\/td>\n<td width=\"156\">ARAD, Hotel Continental Forum<\/td>\n<td width=\"264\">&nbsp;<\/td>\n<\/tr>\n<tr>\n<td width=\"42\">23<\/td>\n<td width=\"144\">08 &#8211; 11.02.2022<\/td>\n<td width=\"114\">Bihor<\/td>\n<td width=\"156\">ORADEA, Hotel Continental Forum<\/td>\n<td width=\"264\">&nbsp;<\/td>\n<\/tr>\n<tr>\n<td width=\"42\">&nbsp;<\/td>\n<td width=\"144\">&nbsp;<\/td>\n<td width=\"114\">&nbsp;<\/td>\n<td width=\"156\">&nbsp;<\/td>\n<td width=\"264\">&nbsp;<\/td>\n<\/tr>\n<tr>\n<td width=\"42\">24<\/td>\n<td width=\"144\">02 &#8211; 05.03.2022<\/td>\n<td width=\"114\">Mure\u0219<\/td>\n<td width=\"156\">T\u00c2RGU MURE\u0218,\u00a0 Hotel Continental\u00a0\u00a0Forum<\/td>\n<td width=\"264\">02.03.2022 &#8211; 16.03.2022\/ LILIOARA CONSTAN\u021aA STEPANESCU \u2013 2 sesiuni<\/td>\n<\/tr>\n<tr>\n<td width=\"42\">25<\/td>\n<td width=\"144\">13 &#8211; 16.03.2022<\/td>\n<td width=\"114\">Bistri\u021ba N\u0103s\u0103ud<\/td>\n<td width=\"156\">BISTRI\u021aA, Hotel Bistrita<\/td>\n<td width=\"264\">&nbsp;<\/td>\n<\/tr>\n<tr>\n<td width=\"42\">&nbsp;<\/td>\n<td width=\"144\">&nbsp;<\/td>\n<td width=\"114\">&nbsp;<\/td>\n<td width=\"156\">&nbsp;<\/td>\n<td width=\"264\">&nbsp;<\/td>\n<\/tr>\n<tr>\n<td width=\"42\">26<\/td>\n<td width=\"144\">23 &#8211; 26.03.2022<\/td>\n<td width=\"114\">Mehedin\u021bi<\/td>\n<td width=\"156\">DROBETA TURNU SEVERIN, Hotel Continental<\/td>\n<td width=\"264\">23.03.2022 &#8211; 21.04.2022\/CRISTINA BURCHEA \u2013 3 sesiuni<\/td>\n<\/tr>\n<tr>\n<td width=\"42\">27<\/td>\n<td width=\"144\">03 &#8211; 06.04.2022<\/td>\n<td width=\"114\">Constan\u021ba<\/td>\n<td width=\"156\">CONSTAN\u021aA, Complex Bulevard<\/td>\n<td width=\"264\">&nbsp;<\/td>\n<\/tr>\n<tr>\n<td width=\"42\">28<\/td>\n<td width=\"144\">18 &#8211; 21.04.2022<\/td>\n<td width=\"114\">Tulcea<\/td>\n<td width=\"156\">TULCEA, Egreta<\/td>\n<td width=\"264\">&nbsp;<\/td>\n<\/tr>\n<tr>\n<td width=\"42\">&nbsp;<\/td>\n<td width=\"144\">&nbsp;<\/td>\n<td width=\"114\">&nbsp;<\/td>\n<td width=\"156\">&nbsp;<\/td>\n<td width=\"264\">&nbsp;<\/td>\n<\/tr>\n<tr>\n<td width=\"42\">29<\/td>\n<td width=\"144\">09 &#8211; 12.05.2022<\/td>\n<td width=\"114\">Covasna<\/td>\n<td width=\"156\">SF\u00c2NTU GHEORGHE, Hotel\u00a0 Sugas<\/td>\n<td width=\"264\">09.05.2022 \u2013 19.05.2022\/ ANDRA GENOVEVA SIBI\u0218AN \u2013 2 sesiuni<\/td>\n<\/tr>\n<tr>\n<td width=\"42\">30<\/td>\n<td width=\"144\">16 &#8211; 19.05.2022<\/td>\n<td width=\"114\">Harghita<\/td>\n<td width=\"156\">MIERCUREA CIUC, Hotel Fenyo<\/td>\n<td width=\"264\">&nbsp;<\/td>\n<\/tr>\n<tr>\n<td width=\"42\">&nbsp;<\/td>\n<td width=\"144\">&nbsp;<\/td>\n<td width=\"114\">&nbsp;<\/td>\n<td width=\"156\">&nbsp;<\/td>\n<td width=\"264\">&nbsp;<\/td>\n<\/tr>\n<tr>\n<td width=\"42\">31<\/td>\n<td width=\"144\">06 &#8211; 09.06.2022<\/td>\n<td width=\"114\">Hunedoara<\/td>\n<td width=\"156\">DEVA<\/td>\n<td width=\"264\">06.06.2022 &#8211; 07.07.2022\/ LILIOARA CONSTAN\u021aA STEPANESCU &#8211; 3 sesiuni<\/td>\n<\/tr>\n<tr>\n<td width=\"42\">32<\/td>\n<td width=\"144\">20 \u2013 23.06.2022<\/td>\n<td width=\"114\">Timi\u0219<\/td>\n<td width=\"156\">TIMI\u0218OARA<\/td>\n<td width=\"264\">&nbsp;<\/td>\n<\/tr>\n<tr>\n<td width=\"42\">33<\/td>\n<td width=\"144\">04 &#8211; 07.07.2022<\/td>\n<td width=\"114\">Cara\u0219-Severin<\/td>\n<td width=\"156\">RE\u0218I\u021aA<\/td>\n<td width=\"264\">&nbsp;<\/td>\n<\/tr>\n<tr>\n<td width=\"42\">&nbsp;<\/td>\n<td width=\"144\">&nbsp;<\/td>\n<td width=\"114\">&nbsp;<\/td>\n<td width=\"156\">&nbsp;<\/td>\n<td width=\"264\">&nbsp;<\/td>\n<\/tr>\n<tr>\n<td width=\"42\">34<\/td>\n<td width=\"144\"><strong>20 &#8211; 23.07.2022<\/strong><\/td>\n<td width=\"114\">Alba<\/td>\n<td width=\"156\">ALBA IULIA<\/td>\n<td width=\"264\">20.07.2022 \u2013 08.10.2022\/ NELU DOBRE &#8211; 5 sesiuni<\/td>\n<\/tr>\n<tr>\n<td width=\"42\">35<\/td>\n<td width=\"144\">31.07.2022 &#8211; 03.08.2021<\/td>\n<td width=\"114\">Sibiu<\/td>\n<td width=\"156\">SIBIU<\/td>\n<td width=\"264\">&nbsp;<\/td>\n<\/tr>\n<tr>\n<td width=\"42\">&nbsp;<\/td>\n<td width=\"144\">&nbsp;<\/td>\n<td width=\"114\">&nbsp;<\/td>\n<td width=\"156\">&nbsp;<\/td>\n<td width=\"264\">&nbsp;<\/td>\n<\/tr>\n<tr>\n<td width=\"42\">36<\/td>\n<td width=\"144\">12 &#8211; 15.09.2022<\/td>\n<td width=\"114\">S\u0103laj<\/td>\n<td width=\"156\">ZAL\u0102U<\/td>\n<td width=\"264\">12.09.2022 \u2013 30.09.2022\/ NELU DOBRE \u2013 3 sesiuni<\/td>\n<\/tr>\n<tr>\n<td width=\"42\">37<\/td>\n<td width=\"144\">21 &#8211; 24.09.2022<\/td>\n<td width=\"114\">Cluj<\/td>\n<td width=\"156\">CLUJ-NAPOCA<\/td>\n<td width=\"264\">&nbsp;<\/td>\n<\/tr>\n<tr>\n<td width=\"42\">38<\/td>\n<td width=\"144\"><strong>05-08.10.2022<\/strong><\/td>\n<td width=\"114\">Bucure\u0219ti<\/td>\n<td width=\"156\">BUCURE\u0218TI<\/td>\n<td width=\"264\">&nbsp;<\/td>\n<\/tr>\n<tr>\n<td width=\"42\">&nbsp;<\/td>\n<td width=\"144\">&nbsp;<\/td>\n<td width=\"114\">&nbsp;<\/td>\n<td width=\"156\">&nbsp;<\/td>\n<td width=\"264\">&nbsp;<\/td>\n<\/tr>\n<tr>\n<td width=\"42\">39<\/td>\n<td width=\"144\"><strong>19-22.10.2022<\/strong><\/td>\n<td width=\"114\">Dolj<\/td>\n<td width=\"156\">Craiova<\/td>\n<td width=\"264\">19.10.2022-24.11.2022\/ DAVID ALINA IONELA &#8211; 3 sesiuni<\/td>\n<\/tr>\n<tr>\n<td width=\"42\">40<\/td>\n<td width=\"144\"><strong>07-10.11.2022<\/strong><\/td>\n<td width=\"114\">Olt<\/td>\n<td width=\"156\">SLATINA<\/td>\n<td width=\"264\">&nbsp;<\/td>\n<\/tr>\n<tr>\n<td width=\"42\">41<\/td>\n<td width=\"144\"><strong>21-24.11.2022<\/strong><\/td>\n<td width=\"114\">V\u00e2lcea<\/td>\n<td width=\"156\">R\u00c2MNICU V\u00c2LCEA<\/td>\n<td width=\"264\">&nbsp;<\/td>\n<\/tr>\n<tr>\n<td width=\"42\">&nbsp;<\/td>\n<td width=\"144\"><strong>\u00a0<\/strong><\/td>\n<td width=\"114\">&nbsp;<\/td>\n<td width=\"156\">&nbsp;<\/td>\n<td width=\"264\">&nbsp;<\/td>\n<\/tr>\n<\/tbody>\n<\/table>\n<p>&nbsp;<\/p>\n<table width=\"786\">\n<tbody>\n<tr>\n<td width=\"47\"><strong>Nr crt<\/strong><\/td>\n<td width=\"121\"><strong>Perioada<\/strong><\/td>\n<td width=\"126\"><strong>Judet<\/strong><\/td>\n<td width=\"120\"><strong>Loc de desf\u0103\u0219urare<\/strong><\/td>\n<td width=\"186\"><strong>Municipii invitate<\/strong><\/td>\n<td width=\"186\"><strong>Formular inscriere<\/strong><\/td>\n<\/tr>\n<tr>\n<td width=\"47\">1<\/td>\n<td width=\"121\">18\u201321.04.2021<\/td>\n<td width=\"126\"><strong>BOTO\u0218ANI<\/strong><\/td>\n<td width=\"120\">Botosani, Hotel\u00a0Rapsodia<\/td>\n<td width=\"186\">Boto\u0219ani, Dorohoi<\/td>\n<td width=\"186\">\n<ul>\n<li style=\"text-align: left;\"><a href=\"https:\/\/e-tic.ro\/wp-content\/uploads\/2021\/04\/PNP002_Anexa_1_Formular_%C3%AEnscriere_AMR_C1_BT-2.docx\">Anexa_1_Formular_\u00eenscriere_AMR_C1_BT-2<\/a><\/li>\n<li style=\"text-align: left;\"><a href=\"https:\/\/e-tic.ro\/wp-content\/uploads\/2021\/04\/PNP002_Anexa_2_-Formular_consimtamant_C1_BT.docx\">Anexa_2_ Formular_consimtamant_C1_BT<\/a><\/li>\n<li style=\"text-align: left;\"><a href=\"https:\/\/e-tic.ro\/wp-content\/uploads\/2021\/04\/PNP002_AgendaC1_BOTOSANI_participanti_AMR.docx\">AgendaC1_BOTOSANI_participanti_AMR<\/a><\/li>\n<\/ul>\n<\/td>\n<\/tr>\n<tr>\n<td width=\"47\">2<\/td>\n<td width=\"121\">21\u201324.04.2021<\/td>\n<td width=\"126\"><strong>SUCEAVA<\/strong><\/td>\n<td width=\"120\">Suceava, Hotel Continental<\/td>\n<td width=\"186\">Suceava, C\u00e2mpulung Moldovenesc, F\u0103lticeni, R\u0103d\u0103u\u021bi, Vatra Dornei<\/td>\n<td width=\"186\">\n<ul>\n<li style=\"text-align: left;\"><a href=\"https:\/\/e-tic.ro\/wp-content\/uploads\/2021\/04\/PNP002_AgendaC2_SUCEAVA_participanti_AMR.docx\">AgendaC2_SUCEAVA_participanti_AMR<\/a><\/li>\n<\/ul>\n<\/td>\n<\/tr>\n<tr>\n<td width=\"47\"><\/td>\n<td width=\"121\"><\/td>\n<td width=\"126\"><\/td>\n<td width=\"120\"><\/td>\n<td width=\"186\"><\/td>\n<td width=\"186\"><\/td>\n<\/tr>\n<tr>\n<td width=\"47\">3<\/td>\n<td width=\"121\">9\u201312.05.2021<\/td>\n<td width=\"126\"><strong>BR\u0102ILA<\/strong><\/td>\n<td width=\"120\">Br\u0103ila, Hotel Traian<\/td>\n<td width=\"186\">Br\u0103ila<\/td>\n<td width=\"186\"><\/td>\n<\/tr>\n<tr>\n<td width=\"47\">4<\/td>\n<td width=\"121\">12\u201315.05.2021<\/td>\n<td width=\"126\"><strong>BUZ\u0102U<\/strong><\/td>\n<td width=\"120\">Buz\u0103u, Hotel Pietroasa<\/td>\n<td width=\"186\">Buz\u0103u, R\u00e2mnicu S\u0103rat<\/td>\n<td width=\"186\"><\/td>\n<\/tr>\n<tr>\n<td width=\"47\"><\/td>\n<td width=\"121\"><\/td>\n<td width=\"126\"><\/td>\n<td width=\"120\"><\/td>\n<td width=\"186\"><\/td>\n<td width=\"186\"><\/td>\n<\/tr>\n<tr>\n<td width=\"47\">5<\/td>\n<td width=\"121\">23-26.05.2021<\/td>\n<td width=\"126\"><strong>GALA\u021aI<\/strong><\/td>\n<td width=\"120\">Gala\u021bi, Hotel Ibis Styles<\/td>\n<td width=\"186\">Gala\u021bi, Tecuci<\/td>\n<td width=\"186\"><\/td>\n<\/tr>\n<tr>\n<td width=\"47\">6<\/td>\n<td width=\"121\">26-29.05.2021<\/td>\n<td width=\"126\"><strong>VRANCEA<\/strong><\/td>\n<td width=\"120\">Foc\u0219ani, Hotel Solar<\/td>\n<td width=\"186\">Foc\u0219ani, Adjud<\/td>\n<td width=\"186\"><\/td>\n<\/tr>\n<tr>\n<td width=\"47\"><\/td>\n<td width=\"121\"><\/td>\n<td width=\"126\"><\/td>\n<td width=\"120\"><\/td>\n<td width=\"186\"><\/td>\n<td width=\"186\"><\/td>\n<\/tr>\n<tr>\n<td width=\"47\">7<\/td>\n<td width=\"121\">6-9.06.2021<\/td>\n<td width=\"126\"><strong>MARAMURE\u0218<\/strong><\/td>\n<td width=\"120\">Baia Mare, Hotel Mara<\/td>\n<td width=\"186\">Baia Mare Sighetul Marma\u021biei<\/td>\n<td width=\"186\"><\/td>\n<\/tr>\n<tr>\n<td width=\"47\">8<\/td>\n<td width=\"121\">9-12.06.2021<\/td>\n<td width=\"126\"><strong>SATU MARE<\/strong><\/td>\n<td width=\"120\">Satu Mare, Hotel Astoria<\/td>\n<td width=\"186\">Satu Mare, Carei<\/td>\n<td width=\"186\"><\/td>\n<\/tr>\n<tr>\n<td width=\"47\"><\/td>\n<td width=\"121\"><\/td>\n<td width=\"126\"><\/td>\n<td width=\"120\"><\/td>\n<td width=\"186\"><\/td>\n<td width=\"186\"><\/td>\n<\/tr>\n<tr>\n<td width=\"47\">9<\/td>\n<td width=\"121\">27\u2013 30.06.2021<\/td>\n<td width=\"126\"><strong>IA\u0218I<\/strong><\/td>\n<td width=\"120\">Ia\u0219i, Hotel Moldova<\/td>\n<td width=\"186\">Ia\u0219i, Pa\u0219cani<\/td>\n<td width=\"186\"><\/td>\n<\/tr>\n<tr>\n<td width=\"47\">10<\/td>\n<td width=\"121\">30.06-3.07.2021<\/td>\n<td width=\"126\"><strong>NEAM\u021a<\/strong><\/td>\n<td width=\"120\">Piatra Neam\u021b, Hotel Grand Ceahl\u0103ul<\/td>\n<td width=\"186\">Piatra Neam\u021b, Roman<\/td>\n<td width=\"186\"><\/td>\n<\/tr>\n<tr>\n<td width=\"47\"><\/td>\n<td width=\"121\"><\/td>\n<td width=\"126\"><\/td>\n<td width=\"120\"><\/td>\n<td width=\"186\"><\/td>\n<td width=\"186\"><\/td>\n<\/tr>\n<tr>\n<td width=\"47\">11<\/td>\n<td width=\"121\">11-14.07.2021<\/td>\n<td width=\"126\"><strong>TELEORMAN<\/strong><\/td>\n<td width=\"120\">Alexandria, Hotel\u00a0Edma<\/td>\n<td width=\"186\">Alexandria, Ro\u0219iori de Vede, Turnu M\u0103gurele<\/td>\n<td width=\"186\"><\/td>\n<\/tr>\n<tr>\n<td width=\"47\">12<\/td>\n<td width=\"121\">14- 17.07,2021<\/td>\n<td width=\"126\"><strong>ARGE\u0218<\/strong><\/td>\n<td width=\"120\">Curtea de Arge\u0219, Hotel Posada<\/td>\n<td width=\"186\">Pite\u0219ti, C\u00e2mpulung Mu\u0219cel, Curtea de Arges<\/td>\n<td width=\"186\"><\/td>\n<\/tr>\n<tr>\n<td width=\"47\"><\/td>\n<td width=\"121\"><\/td>\n<td width=\"126\"><\/td>\n<td width=\"120\"><\/td>\n<td width=\"186\"><\/td>\n<td width=\"186\"><\/td>\n<\/tr>\n<tr>\n<td width=\"47\">13<\/td>\n<td width=\"121\">1- 4.08.2021<\/td>\n<td width=\"126\"><strong>GIURGIU<\/strong><\/td>\n<td width=\"120\">Giurgiu, Hotel Sud<\/td>\n<td width=\"186\">Giurgiu<\/td>\n<td width=\"186\"><\/td>\n<\/tr>\n<tr>\n<td width=\"47\">14<\/td>\n<td width=\"121\">4 \u2013 7.08.2021<\/td>\n<td width=\"126\"><strong>D\u00ceMBOVI<\/strong><strong>\u021aA<\/strong><\/td>\n<td width=\"120\">T\u00e2rgovi\u0219te, Hotel King<\/td>\n<td width=\"186\">T\u0103rgovi\u0219te, Moreni<\/td>\n<td width=\"186\"><\/td>\n<\/tr>\n<tr>\n<td width=\"47\"><\/td>\n<td width=\"121\"><\/td>\n<td width=\"126\"><\/td>\n<td width=\"120\"><\/td>\n<td width=\"186\"><\/td>\n<td width=\"186\"><\/td>\n<\/tr>\n<tr>\n<td width=\"47\">15<\/td>\n<td width=\"121\">29.08 &#8211; 1.09.2021<\/td>\n<td width=\"126\"><strong>C\u0102L\u0102RA\u0218I<\/strong><\/td>\n<td width=\"120\">C\u0103l\u0103ra\u0219i, Hotel Baden<\/td>\n<td width=\"186\">C\u0103l\u0103ra\u0219i, Olteni\u021ba<\/td>\n<td width=\"186\"><\/td>\n<\/tr>\n<tr>\n<td width=\"47\">16<\/td>\n<td width=\"121\">1 \u2013 4.09.2021<\/td>\n<td width=\"126\"><strong>IALOMI\u021aA<\/strong><\/td>\n<td width=\"120\">Slobozia, Hotel Select<\/td>\n<td width=\"186\">Slobozia, Fete\u0219ti, Urziceni<\/td>\n<td width=\"186\"><\/td>\n<\/tr>\n<tr>\n<td width=\"47\"><\/td>\n<td width=\"121\"><\/td>\n<td width=\"126\"><\/td>\n<td width=\"120\"><\/td>\n<td width=\"186\"><\/td>\n<td width=\"186\"><\/td>\n<\/tr>\n<tr>\n<td width=\"47\">17<\/td>\n<td width=\"121\">3 &#8211; 6.10.2021<\/td>\n<td width=\"126\"><strong>PRAHOVA<\/strong><\/td>\n<td width=\"120\">Sinaia, Hotel Mara<\/td>\n<td width=\"186\">Ploie\u0219ti, C\u00e2mpina<\/td>\n<td width=\"186\"><\/td>\n<\/tr>\n<tr>\n<td width=\"47\">18<\/td>\n<td width=\"121\">6 &#8211; 9.10.2021<\/td>\n<td width=\"126\"><strong>BRA\u0218OV<\/strong><\/td>\n<td width=\"120\">Predeal, Hotel Carpa\u021bi<\/td>\n<td width=\"186\">Bra\u0219ov, Codlea, F\u0103g\u0103ra\u0219, S\u0103cele<\/td>\n<td width=\"186\"><\/td>\n<\/tr>\n<tr>\n<td width=\"47\"><\/td>\n<td width=\"121\"><\/td>\n<td width=\"126\"><\/td>\n<td width=\"120\"><\/td>\n<td width=\"186\"><\/td>\n<td width=\"186\"><\/td>\n<\/tr>\n<tr>\n<td width=\"47\">19<\/td>\n<td width=\"121\">17- 20.10.2021<\/td>\n<td width=\"126\"><strong>BAC\u0102U<\/strong><\/td>\n<td width=\"120\">Bac\u0103u, Hotel Bohemia<\/td>\n<td width=\"186\">Bac\u0103u, Moine\u0219ti, One\u0219ti<\/td>\n<td width=\"186\"><\/td>\n<\/tr>\n<tr>\n<td width=\"47\">20<\/td>\n<td width=\"121\">20 &#8211; 23.10.2021<\/td>\n<td width=\"126\"><strong>VASLUI<\/strong><\/td>\n<td width=\"120\">Vaslui, Hotel Vaslui<\/td>\n<td width=\"186\">Vaslui, B\u00e2rlad, Hu\u0219i<\/td>\n<td width=\"186\"><\/td>\n<\/tr>\n<\/tbody>\n<\/table>\n<p>&nbsp;<\/p>\n<p>&nbsp;<\/p>\n<p>&nbsp;<\/p>\n<a class=\"content_link\" href=\"https:\/\/e-tic.ro\/wp-content\/uploads\/2020\/04\/PNP002_Metodologie_selectie_GT-1.pdf\"  ><span class=\"icon\"><i class=\"icon-doc-line\" aria-hidden=\"true\"><\/i><\/span><span class=\"title\">METODOLOGIE de selec\u021bie<\/span><\/a>\n\n\t\t<\/div>\n\t<\/div>\n<\/div><\/div><\/div><\/div>\n<\/section>","protected":false},"excerpt":{"rendered":"<p>\u00censcrie-te la sesiunile de formare la nivel regional organizate de AMR. Cursurile au ca tematic\u0103 cele 4 domenii vizate de proiect (transparen\u021b\u0103 decizional\u0103, etic\u0103 organiza\u021bional\u0103, incompatibilit\u0103\u021bi<span class=\"excerpt-hellip\"> [\u2026]<\/span><\/p>","protected":false},"author":16,"featured_media":0,"parent":582,"menu_order":0,"comment_status":"closed","ping_status":"closed","template":"","meta":{"footnotes":""},"class_list":["post-584","page","type-page","status-publish","hentry"],"_links":{"self":[{"href":"https:\/\/e-tic.ro\/en\/wp-json\/wp\/v2\/pages\/584","targetHints":{"allow":["GET"]}}],"collection":[{"href":"https:\/\/e-tic.ro\/en\/wp-json\/wp\/v2\/pages"}],"about":[{"href":"https:\/\/e-tic.ro\/en\/wp-json\/wp\/v2\/types\/page"}],"author":[{"embeddable":true,"href":"https:\/\/e-tic.ro\/en\/wp-json\/wp\/v2\/users\/16"}],"replies":[{"embeddable":true,"href":"https:\/\/e-tic.ro\/en\/wp-json\/wp\/v2\/comments?post=584"}],"version-history":[{"count":18,"href":"https:\/\/e-tic.ro\/en\/wp-json\/wp\/v2\/pages\/584\/revisions"}],"predecessor-version":[{"id":1693,"href":"https:\/\/e-tic.ro\/en\/wp-json\/wp\/v2\/pages\/584\/revisions\/1693"}],"up":[{"embeddable":true,"href":"https:\/\/e-tic.ro\/en\/wp-json\/wp\/v2\/pages\/582"}],"wp:attachment":[{"href":"https:\/\/e-tic.ro\/en\/wp-json\/wp\/v2\/media?parent=584"}],"curies":[{"name":"wp","href":"https:\/\/api.w.org\/{rel}","templated":true}]}}