{"id":230,"date":"2019-12-09T13:54:09","date_gmt":"2019-12-09T13:54:09","guid":{"rendered":"https:\/\/e-tic.ro\/?page_id=230"},"modified":"2019-12-09T14:01:18","modified_gmt":"2019-12-09T14:01:18","slug":"despre-ks","status":"publish","type":"page","link":"https:\/\/e-tic.ro\/en\/despre-ks\/","title":{"rendered":"Despre KS"},"content":{"rendered":"<p><strong>DESPRE KS<\/strong><\/p>\n\n\n\n<p>Asocia\u021bia Norvegian\u0103 a Autorit\u0103\u021bilor Locale \u0219i Regionale (KS ) este singura asocia\u021bie din Norvegia care reprezint\u0103 interesele autorit\u0103\u021bilor publice locale \u0219i regionale.<\/p>\n\n\n\n<p>Asocia\u021bia a fost fondat\u0103 \u00een 1972 ca urmare a unei fuziuni a Uniunii Ora\u0219elor din Norvegia (fondat\u0103 \u00een 1903) \u0219i a Asocia\u021biei Norvegiene a Municipalit\u0103\u021bilor Rurale (fondat\u0103 \u00een 1923). Toate cele 426 de municipalit\u0103\u021bi \u0219i 19 jude\u021be sunt membre, precum \u0219i aproximativ 500 de \u00eentreprinderi publice.<\/p>\n\n\n\n<p>KS pledeaz\u0103 pentru interesele membrilor s\u0103i fa\u021b\u0103 de administra\u021bia central\u0103, Parlamentul, organiza\u021biile de munc\u0103 \u0219i alte organiza\u021bii; sf\u0103tuie\u0219te \u0219i informeaz\u0103 membrii cu privire la toate problemele \u0219i evolu\u021biile importante pentru administra\u021bia local\u0103; faciliteaz\u0103 schimbul de experien\u021b\u0103 \u00eentre membrii s\u0103i; desf\u0103\u0219oar\u0103 negocierile colective centrale \u00een numele membrilor s\u0103i.<\/p>\n\n\n\n<p><strong>MISIUNE<\/strong><\/p>\n\n\n\n<p>KS \u00ee\u021bi propune s\u0103 fie o for\u021b\u0103 unificatoare pentru administra\u021bia public\u0103 local\u0103. Obiectivele principale ale KS sunt: consolidarea membrilor ca angajatori competen\u021bi \u0219i de \u00eencredere; ob\u021binerea unei libert\u0103\u021bi de ac\u021biune mai mari \u0219i a unor condi\u021bii de baz\u0103 mai bune pentru diferite grupuri de membri; s\u0103 contribuie la modele alternative de organizare \u0219i metode de lucru care promoveaz\u0103 calitatea, eficien\u021ba \u0219i participarea cet\u0103\u021benilor.<\/p>\n\n\n\n<p><strong>CONTRIBU\u0162II KS LA NIVEL INTERNA\u021aIONAL \u0218I EUROPEAN<\/strong><\/p>\n\n\n\n<div class=\"wp-block-group\"><div class=\"wp-block-group__inner-container is-layout-flow wp-block-group-is-layout-flow\">\n<p>KS are o cooperare interna\u021bional\u0103 extins\u0103 \u0219i este membru al Consiliul Comunelor \u0219i Regiunilor din Europa (CCRE\/CEMR). \u00cen cadrul granturilor SEE 2009-2014, KS a fost partener al programului donator cu 5 state beneficiare \u0219i  partener donator \u00een 17 proiecte.<\/p>\n<\/div><\/div>\n\n\n\n<p><strong>Afl\u0103 mai multe despre KS!<\/strong><\/p>\n\n\n\n<p><strong><a href=\"http:\/\/www.ks.no\/\">www.ks.no<\/a> <\/strong> &amp;  <a href=\"https:\/\/www.facebook.com\/KSInternationalProjects\/\">https:\/\/www.facebook.com\/KSInternationalProjects\/<\/a> <\/p>","protected":false},"excerpt":{"rendered":"<p>DESPRE KS Asocia\u021bia Norvegian\u0103 a Autorit\u0103\u021bilor Locale \u0219i Regionale (KS ) este singura asocia\u021bie din Norvegia care reprezint\u0103 interesele autorit\u0103\u021bilor publice locale \u0219i regionale. Asocia\u021bia a<span class=\"excerpt-hellip\"> [\u2026]<\/span><\/p>","protected":false},"author":16,"featured_media":0,"parent":0,"menu_order":0,"comment_status":"closed","ping_status":"closed","template":"","meta":{"footnotes":""},"class_list":["post-230","page","type-page","status-publish","hentry"],"_links":{"self":[{"href":"https:\/\/e-tic.ro\/en\/wp-json\/wp\/v2\/pages\/230","targetHints":{"allow":["GET"]}}],"collection":[{"href":"https:\/\/e-tic.ro\/en\/wp-json\/wp\/v2\/pages"}],"about":[{"href":"https:\/\/e-tic.ro\/en\/wp-json\/wp\/v2\/types\/page"}],"author":[{"embeddable":true,"href":"https:\/\/e-tic.ro\/en\/wp-json\/wp\/v2\/users\/16"}],"replies":[{"embeddable":true,"href":"https:\/\/e-tic.ro\/en\/wp-json\/wp\/v2\/comments?post=230"}],"version-history":[{"count":1,"href":"https:\/\/e-tic.ro\/en\/wp-json\/wp\/v2\/pages\/230\/revisions"}],"predecessor-version":[{"id":231,"href":"https:\/\/e-tic.ro\/en\/wp-json\/wp\/v2\/pages\/230\/revisions\/231"}],"wp:attachment":[{"href":"https:\/\/e-tic.ro\/en\/wp-json\/wp\/v2\/media?parent=230"}],"curies":[{"name":"wp","href":"https:\/\/api.w.org\/{rel}","templated":true}]}}